{"id":15,"date":"2021-06-12T06:28:22","date_gmt":"2021-06-12T06:28:22","guid":{"rendered":"https:\/\/tr.chelpanov.su\/tr\/projects\/"},"modified":"2023-08-04T06:56:20","modified_gmt":"2023-08-04T06:56:20","slug":"projects","status":"publish","type":"page","link":"https:\/\/giant-en.com\/tr\/projects\/","title":{"rendered":"M\u00fc\u015fteriler"},"content":{"rendered":"\t\t<div data-elementor-type=\"wp-page\" data-elementor-id=\"15\" class=\"elementor elementor-15\">\n\t\t\t\t\t\t\t\t\t<section class=\"elementor-section elementor-top-section elementor-element elementor-element-4be2d45 elementor-section-boxed elementor-section-height-default elementor-section-height-default\" data-id=\"4be2d45\" data-element_type=\"section\" data-settings=\"{&quot;background_background&quot;:&quot;classic&quot;}\">\n\t\t\t\t\t\t\t<div class=\"elementor-background-overlay\"><\/div>\n\t\t\t\t\t\t\t<div class=\"elementor-container elementor-column-gap-no\">\n\t\t\t\t\t<div class=\"elementor-column elementor-col-100 elementor-top-column elementor-element elementor-element-a085dea\" data-id=\"a085dea\" data-element_type=\"column\">\n\t\t\t<div class=\"elementor-widget-wrap elementor-element-populated\">\n\t\t\t\t\t\t\t\t<div class=\"elementor-element elementor-element-cc435a4 elementor-widget elementor-widget-heading\" data-id=\"cc435a4\" data-element_type=\"widget\" data-widget_type=\"heading.default\">\n\t\t\t\t<div class=\"elementor-widget-container\">\n\t\t\t<style>\/*! elementor - v3.14.0 - 26-06-2023 *\/\n.elementor-heading-title{padding:0;margin:0;line-height:1}.elementor-widget-heading .elementor-heading-title[class*=elementor-size-]>a{color:inherit;font-size:inherit;line-height:inherit}.elementor-widget-heading .elementor-heading-title.elementor-size-small{font-size:15px}.elementor-widget-heading .elementor-heading-title.elementor-size-medium{font-size:19px}.elementor-widget-heading .elementor-heading-title.elementor-size-large{font-size:29px}.elementor-widget-heading .elementor-heading-title.elementor-size-xl{font-size:39px}.elementor-widget-heading .elementor-heading-title.elementor-size-xxl{font-size:59px}<\/style><h1 class=\"elementor-heading-title elementor-size-default\">M\u00fc\u015fteriler<\/h1>\t\t<\/div>\n\t\t\t\t<\/div>\n\t\t\t\t\t<\/div>\n\t\t<\/div>\n\t\t\t\t\t\t\t<\/div>\n\t\t<\/section>\n\t\t\t\t<section class=\"elementor-section elementor-top-section elementor-element elementor-element-69c93b8 elementor-hidden-desktop elementor-hidden-tablet elementor-hidden-mobile elementor-section-boxed elementor-section-height-default elementor-section-height-default\" data-id=\"69c93b8\" data-element_type=\"section\" data-settings=\"{&quot;background_background&quot;:&quot;classic&quot;}\">\n\t\t\t\t\t\t\t<div class=\"elementor-background-overlay\"><\/div>\n\t\t\t\t\t\t\t<div class=\"elementor-container elementor-column-gap-no\">\n\t\t\t\t\t<div class=\"elementor-column elementor-col-100 elementor-top-column elementor-element elementor-element-e997743\" data-id=\"e997743\" data-element_type=\"column\">\n\t\t\t<div class=\"elementor-widget-wrap elementor-element-populated\">\n\t\t\t\t\t\t\t\t<div class=\"elementor-element elementor-element-5e3dd3b elementor-widget elementor-widget-heading\" data-id=\"5e3dd3b\" data-element_type=\"widget\" data-widget_type=\"heading.default\">\n\t\t\t\t<div class=\"elementor-widget-container\">\n\t\t\t<h6 class=\"elementor-heading-title elementor-size-default\">Our Projects<\/h6>\t\t<\/div>\n\t\t\t\t<\/div>\n\t\t\t\t<div class=\"elementor-element elementor-element-2310392 elementor-widget elementor-widget-heading\" data-id=\"2310392\" data-element_type=\"widget\" data-widget_type=\"heading.default\">\n\t\t\t\t<div class=\"elementor-widget-container\">\n\t\t\t<h2 class=\"elementor-heading-title elementor-size-default\">Inspiration for Your Next Project<\/h2>\t\t<\/div>\n\t\t\t\t<\/div>\n\t\t\t\t<div class=\"elementor-element elementor-element-27c608b elementor-widget__width-initial elementor-widget-tablet__width-initial elementor-widget-mobile__width-inherit elementor-position-top elementor-vertical-align-top elementor-widget elementor-widget-image-box\" data-id=\"27c608b\" data-element_type=\"widget\" data-widget_type=\"image-box.default\">\n\t\t\t\t<div class=\"elementor-widget-container\">\n\t\t\t<style>\/*! elementor - v3.14.0 - 26-06-2023 *\/\n.elementor-widget-image-box .elementor-image-box-content{width:100%}@media (min-width:768px){.elementor-widget-image-box.elementor-position-left .elementor-image-box-wrapper,.elementor-widget-image-box.elementor-position-right .elementor-image-box-wrapper{display:flex}.elementor-widget-image-box.elementor-position-right .elementor-image-box-wrapper{text-align:right;flex-direction:row-reverse}.elementor-widget-image-box.elementor-position-left .elementor-image-box-wrapper{text-align:left;flex-direction:row}.elementor-widget-image-box.elementor-position-top .elementor-image-box-img{margin:auto}.elementor-widget-image-box.elementor-vertical-align-top .elementor-image-box-wrapper{align-items:flex-start}.elementor-widget-image-box.elementor-vertical-align-middle .elementor-image-box-wrapper{align-items:center}.elementor-widget-image-box.elementor-vertical-align-bottom .elementor-image-box-wrapper{align-items:flex-end}}@media (max-width:767px){.elementor-widget-image-box .elementor-image-box-img{margin-left:auto!important;margin-right:auto!important;margin-bottom:15px}}.elementor-widget-image-box .elementor-image-box-img{display:inline-block}.elementor-widget-image-box .elementor-image-box-title a{color:inherit}.elementor-widget-image-box .elementor-image-box-wrapper{text-align:center}.elementor-widget-image-box .elementor-image-box-description{margin:0}<\/style><div class=\"elementor-image-box-wrapper\"><figure class=\"elementor-image-box-img\"><img decoding=\"async\" width=\"370\" height=\"465\" src=\"https:\/\/giant-en.com\/tr\/wp-content\/uploads\/sites\/2\/2021\/06\/1.jpg\" class=\"attachment-full size-full wp-image-346\" alt=\"\" loading=\"lazy\" srcset=\"https:\/\/giant-en.com\/tr\/wp-content\/uploads\/sites\/2\/2021\/06\/1.jpg 370w, https:\/\/giant-en.com\/tr\/wp-content\/uploads\/sites\/2\/2021\/06\/1-239x300.jpg 239w\" sizes=\"(max-width: 370px) 100vw, 370px\" \/><\/figure><div class=\"elementor-image-box-content\"><h5 class=\"elementor-image-box-title\">Low Rise Building<\/h5><p class=\"elementor-image-box-description\">Commercial<\/p><\/div><\/div>\t\t<\/div>\n\t\t\t\t<\/div>\n\t\t\t\t<div class=\"elementor-element elementor-element-ffc9e89 elementor-widget__width-initial elementor-widget-tablet__width-initial elementor-widget-mobile__width-inherit elementor-position-top elementor-vertical-align-top elementor-widget elementor-widget-image-box\" data-id=\"ffc9e89\" data-element_type=\"widget\" data-widget_type=\"image-box.default\">\n\t\t\t\t<div class=\"elementor-widget-container\">\n\t\t\t<div class=\"elementor-image-box-wrapper\"><figure class=\"elementor-image-box-img\"><img decoding=\"async\" width=\"370\" height=\"465\" src=\"https:\/\/giant-en.com\/tr\/wp-content\/uploads\/sites\/2\/2021\/06\/2.jpg\" class=\"attachment-full size-full wp-image-347\" alt=\"\" loading=\"lazy\" srcset=\"https:\/\/giant-en.com\/tr\/wp-content\/uploads\/sites\/2\/2021\/06\/2.jpg 370w, https:\/\/giant-en.com\/tr\/wp-content\/uploads\/sites\/2\/2021\/06\/2-239x300.jpg 239w\" sizes=\"(max-width: 370px) 100vw, 370px\" \/><\/figure><div class=\"elementor-image-box-content\"><h5 class=\"elementor-image-box-title\">Winter Maintenance<\/h5><p class=\"elementor-image-box-description\">Residential<\/p><\/div><\/div>\t\t<\/div>\n\t\t\t\t<\/div>\n\t\t\t\t<div class=\"elementor-element elementor-element-ee0116f elementor-widget__width-initial elementor-widget-tablet__width-initial elementor-widget-mobile__width-inherit elementor-position-top elementor-vertical-align-top elementor-widget elementor-widget-image-box\" data-id=\"ee0116f\" data-element_type=\"widget\" data-widget_type=\"image-box.default\">\n\t\t\t\t<div class=\"elementor-widget-container\">\n\t\t\t<div class=\"elementor-image-box-wrapper\"><figure class=\"elementor-image-box-img\"><img decoding=\"async\" width=\"370\" height=\"465\" src=\"https:\/\/giant-en.com\/tr\/wp-content\/uploads\/sites\/2\/2021\/06\/3.jpg\" class=\"attachment-full size-full wp-image-348\" alt=\"\" loading=\"lazy\" srcset=\"https:\/\/giant-en.com\/tr\/wp-content\/uploads\/sites\/2\/2021\/06\/3.jpg 370w, https:\/\/giant-en.com\/tr\/wp-content\/uploads\/sites\/2\/2021\/06\/3-239x300.jpg 239w\" sizes=\"(max-width: 370px) 100vw, 370px\" \/><\/figure><div class=\"elementor-image-box-content\"><h5 class=\"elementor-image-box-title\">Solar Roof<\/h5><p class=\"elementor-image-box-description\">Commercial<\/p><\/div><\/div>\t\t<\/div>\n\t\t\t\t<\/div>\n\t\t\t\t<div class=\"elementor-element elementor-element-f955dd0 elementor-widget__width-initial elementor-widget-tablet__width-initial elementor-widget-mobile__width-inherit elementor-position-top elementor-vertical-align-top elementor-widget elementor-widget-image-box\" data-id=\"f955dd0\" data-element_type=\"widget\" data-widget_type=\"image-box.default\">\n\t\t\t\t<div class=\"elementor-widget-container\">\n\t\t\t<div class=\"elementor-image-box-wrapper\"><figure class=\"elementor-image-box-img\"><img decoding=\"async\" width=\"370\" height=\"465\" src=\"https:\/\/giant-en.com\/tr\/wp-content\/uploads\/sites\/2\/2021\/06\/4.jpg\" class=\"attachment-full size-full wp-image-349\" alt=\"\" loading=\"lazy\" srcset=\"https:\/\/giant-en.com\/tr\/wp-content\/uploads\/sites\/2\/2021\/06\/4.jpg 370w, https:\/\/giant-en.com\/tr\/wp-content\/uploads\/sites\/2\/2021\/06\/4-239x300.jpg 239w\" sizes=\"(max-width: 370px) 100vw, 370px\" \/><\/figure><div class=\"elementor-image-box-content\"><h5 class=\"elementor-image-box-title\">Solar Roof<\/h5><p class=\"elementor-image-box-description\">Residential<\/p><\/div><\/div>\t\t<\/div>\n\t\t\t\t<\/div>\n\t\t\t\t<div class=\"elementor-element elementor-element-d678b01 elementor-widget__width-initial elementor-widget-tablet__width-initial elementor-widget-mobile__width-inherit elementor-position-top elementor-vertical-align-top elementor-widget elementor-widget-image-box\" data-id=\"d678b01\" data-element_type=\"widget\" data-widget_type=\"image-box.default\">\n\t\t\t\t<div class=\"elementor-widget-container\">\n\t\t\t<div class=\"elementor-image-box-wrapper\"><figure class=\"elementor-image-box-img\"><img decoding=\"async\" width=\"370\" height=\"465\" src=\"https:\/\/giant-en.com\/tr\/wp-content\/uploads\/sites\/2\/2021\/06\/5.jpg\" class=\"attachment-full size-full wp-image-350\" alt=\"\" loading=\"lazy\" srcset=\"https:\/\/giant-en.com\/tr\/wp-content\/uploads\/sites\/2\/2021\/06\/5.jpg 370w, https:\/\/giant-en.com\/tr\/wp-content\/uploads\/sites\/2\/2021\/06\/5-239x300.jpg 239w\" sizes=\"(max-width: 370px) 100vw, 370px\" \/><\/figure><div class=\"elementor-image-box-content\"><h5 class=\"elementor-image-box-title\">Traditional Style Pattern<\/h5><p class=\"elementor-image-box-description\">Residential<\/p><\/div><\/div>\t\t<\/div>\n\t\t\t\t<\/div>\n\t\t\t\t<div class=\"elementor-element elementor-element-ca634ed elementor-widget__width-initial elementor-widget-tablet__width-initial elementor-widget-mobile__width-inherit elementor-position-top elementor-vertical-align-top elementor-widget elementor-widget-image-box\" data-id=\"ca634ed\" data-element_type=\"widget\" data-widget_type=\"image-box.default\">\n\t\t\t\t<div class=\"elementor-widget-container\">\n\t\t\t<div class=\"elementor-image-box-wrapper\"><figure class=\"elementor-image-box-img\"><img decoding=\"async\" width=\"370\" height=\"465\" src=\"https:\/\/giant-en.com\/tr\/wp-content\/uploads\/sites\/2\/2021\/06\/6.jpg\" class=\"attachment-full size-full wp-image-351\" alt=\"\" loading=\"lazy\" srcset=\"https:\/\/giant-en.com\/tr\/wp-content\/uploads\/sites\/2\/2021\/06\/6.jpg 370w, https:\/\/giant-en.com\/tr\/wp-content\/uploads\/sites\/2\/2021\/06\/6-239x300.jpg 239w\" sizes=\"(max-width: 370px) 100vw, 370px\" \/><\/figure><div class=\"elementor-image-box-content\"><h5 class=\"elementor-image-box-title\">Modern Style Pattern <\/h5><p class=\"elementor-image-box-description\">Residential<\/p><\/div><\/div>\t\t<\/div>\n\t\t\t\t<\/div>\n\t\t\t\t\t<\/div>\n\t\t<\/div>\n\t\t\t\t\t\t\t<\/div>\n\t\t<\/section>\n\t\t\t\t<section class=\"elementor-section elementor-top-section elementor-element elementor-element-27f89bfb elementor-section-boxed elementor-section-height-default elementor-section-height-default\" data-id=\"27f89bfb\" data-element_type=\"section\" data-settings=\"{&quot;background_background&quot;:&quot;classic&quot;}\">\n\t\t\t\t\t\t\t<div class=\"elementor-background-overlay\"><\/div>\n\t\t\t\t\t\t\t<div class=\"elementor-container elementor-column-gap-no\">\n\t\t\t\t\t<div class=\"elementor-column elementor-col-100 elementor-top-column elementor-element elementor-element-65ffeaf4\" data-id=\"65ffeaf4\" data-element_type=\"column\">\n\t\t\t<div class=\"elementor-widget-wrap elementor-element-populated\">\n\t\t\t\t\t\t\t\t<div class=\"elementor-element elementor-element-4f24246b elementor-widget elementor-widget-heading\" data-id=\"4f24246b\" data-element_type=\"widget\" data-widget_type=\"heading.default\">\n\t\t\t\t<div class=\"elementor-widget-container\">\n\t\t\t<h6 class=\"elementor-heading-title elementor-size-default\">Bizi Se\u00e7iyorlar<\/h6>\t\t<\/div>\n\t\t\t\t<\/div>\n\t\t\t\t<div class=\"elementor-element elementor-element-1f75d62f elementor-widget elementor-widget-heading\" data-id=\"1f75d62f\" data-element_type=\"widget\" data-widget_type=\"heading.default\">\n\t\t\t\t<div class=\"elementor-widget-container\">\n\t\t\t<h2 class=\"elementor-heading-title elementor-size-default\">M\u00fc\u015fteriler<\/h2>\t\t<\/div>\n\t\t\t\t<\/div>\n\t\t\t\t<section class=\"elementor-section elementor-inner-section elementor-element elementor-element-199f5600 elementor-section-boxed elementor-section-height-default elementor-section-height-default\" data-id=\"199f5600\" data-element_type=\"section\">\n\t\t\t\t\t\t<div class=\"elementor-container elementor-column-gap-no\">\n\t\t\t\t\t<div class=\"elementor-column elementor-col-33 elementor-inner-column elementor-element elementor-element-a8b58e\" data-id=\"a8b58e\" data-element_type=\"column\" data-settings=\"{&quot;background_background&quot;:&quot;classic&quot;}\">\n\t\t\t<div class=\"elementor-widget-wrap elementor-element-populated\">\n\t\t\t\t\t\t\t\t<div class=\"elementor-element elementor-element-38eda887 elementor-position-top elementor-vertical-align-top elementor-widget elementor-widget-image-box\" data-id=\"38eda887\" data-element_type=\"widget\" data-widget_type=\"image-box.default\">\n\t\t\t\t<div class=\"elementor-widget-container\">\n\t\t\t<div class=\"elementor-image-box-wrapper\"><figure class=\"elementor-image-box-img\"><a href=\"https:\/\/www.petrofac.com\/\"><img decoding=\"async\" width=\"800\" height=\"400\" src=\"https:\/\/giant-en.com\/tr\/wp-content\/uploads\/sites\/2\/2023\/07\/petrofac_logo-bl.png\" class=\"attachment-full size-full wp-image-1039\" alt=\"\" loading=\"lazy\" srcset=\"https:\/\/giant-en.com\/tr\/wp-content\/uploads\/sites\/2\/2023\/07\/petrofac_logo-bl.png 800w, https:\/\/giant-en.com\/tr\/wp-content\/uploads\/sites\/2\/2023\/07\/petrofac_logo-bl-300x150.png 300w, https:\/\/giant-en.com\/tr\/wp-content\/uploads\/sites\/2\/2023\/07\/petrofac_logo-bl-768x384.png 768w\" sizes=\"(max-width: 800px) 100vw, 800px\" \/><\/a><\/figure><div class=\"elementor-image-box-content\"><h3 class=\"elementor-image-box-title\"><a href=\"https:\/\/www.petrofac.com\/\">Petrofac<\/a><\/h3><\/div><\/div>\t\t<\/div>\n\t\t\t\t<\/div>\n\t\t\t\t\t<\/div>\n\t\t<\/div>\n\t\t\t\t<div class=\"elementor-column elementor-col-33 elementor-inner-column elementor-element elementor-element-612c633f\" data-id=\"612c633f\" data-element_type=\"column\" data-settings=\"{&quot;background_background&quot;:&quot;classic&quot;}\">\n\t\t\t<div class=\"elementor-widget-wrap elementor-element-populated\">\n\t\t\t\t\t\t\t\t<div class=\"elementor-element elementor-element-54369c74 elementor-position-top elementor-vertical-align-top elementor-widget elementor-widget-image-box\" data-id=\"54369c74\" data-element_type=\"widget\" data-widget_type=\"image-box.default\">\n\t\t\t\t<div class=\"elementor-widget-container\">\n\t\t\t<div class=\"elementor-image-box-wrapper\"><figure class=\"elementor-image-box-img\"><a href=\"https:\/\/www.yamata.com.tr\/tr\/\"><img decoding=\"async\" width=\"800\" height=\"400\" src=\"https:\/\/giant-en.com\/tr\/wp-content\/uploads\/sites\/2\/2023\/08\/yamatalogo-6.png\" class=\"attachment-full size-full wp-image-1178\" alt=\"\" loading=\"lazy\" srcset=\"https:\/\/giant-en.com\/tr\/wp-content\/uploads\/sites\/2\/2023\/08\/yamatalogo-6.png 800w, https:\/\/giant-en.com\/tr\/wp-content\/uploads\/sites\/2\/2023\/08\/yamatalogo-6-300x150.png 300w, https:\/\/giant-en.com\/tr\/wp-content\/uploads\/sites\/2\/2023\/08\/yamatalogo-6-768x384.png 768w\" sizes=\"(max-width: 800px) 100vw, 800px\" \/><\/a><\/figure><div class=\"elementor-image-box-content\"><h3 class=\"elementor-image-box-title\"><a href=\"https:\/\/www.yamata.com.tr\/tr\/\">Yamata<\/a><\/h3><\/div><\/div>\t\t<\/div>\n\t\t\t\t<\/div>\n\t\t\t\t\t<\/div>\n\t\t<\/div>\n\t\t\t\t<div class=\"elementor-column elementor-col-33 elementor-inner-column elementor-element elementor-element-2bda404f\" data-id=\"2bda404f\" data-element_type=\"column\" data-settings=\"{&quot;background_background&quot;:&quot;classic&quot;}\">\n\t\t\t<div class=\"elementor-widget-wrap elementor-element-populated\">\n\t\t\t\t\t\t\t\t<div class=\"elementor-element elementor-element-7d14b866 elementor-position-top elementor-vertical-align-top elementor-widget elementor-widget-image-box\" data-id=\"7d14b866\" data-element_type=\"widget\" data-widget_type=\"image-box.default\">\n\t\t\t\t<div class=\"elementor-widget-container\">\n\t\t\t<div class=\"elementor-image-box-wrapper\"><figure class=\"elementor-image-box-img\"><a href=\"https:\/\/corporate.arcelormittal.com\/%20\"><img decoding=\"async\" width=\"800\" height=\"400\" src=\"https:\/\/giant-en.com\/tr\/wp-content\/uploads\/sites\/2\/2023\/07\/accelor.png\" class=\"attachment-full size-full wp-image-1041\" alt=\"\" loading=\"lazy\" srcset=\"https:\/\/giant-en.com\/tr\/wp-content\/uploads\/sites\/2\/2023\/07\/accelor.png 800w, https:\/\/giant-en.com\/tr\/wp-content\/uploads\/sites\/2\/2023\/07\/accelor-300x150.png 300w, https:\/\/giant-en.com\/tr\/wp-content\/uploads\/sites\/2\/2023\/07\/accelor-768x384.png 768w\" sizes=\"(max-width: 800px) 100vw, 800px\" \/><\/a><\/figure><div class=\"elementor-image-box-content\"><h3 class=\"elementor-image-box-title\"><a href=\"https:\/\/corporate.arcelormittal.com\/%20\">ArcelorMittal <\/a><\/h3><\/div><\/div>\t\t<\/div>\n\t\t\t\t<\/div>\n\t\t\t\t\t<\/div>\n\t\t<\/div>\n\t\t\t\t\t\t\t<\/div>\n\t\t<\/section>\n\t\t\t\t<section class=\"elementor-section elementor-inner-section elementor-element elementor-element-4fe61d3d elementor-section-boxed elementor-section-height-default elementor-section-height-default\" data-id=\"4fe61d3d\" data-element_type=\"section\">\n\t\t\t\t\t\t<div class=\"elementor-container elementor-column-gap-no\">\n\t\t\t\t\t<div class=\"elementor-column elementor-col-33 elementor-inner-column elementor-element elementor-element-1cbb8837\" data-id=\"1cbb8837\" data-element_type=\"column\" data-settings=\"{&quot;background_background&quot;:&quot;classic&quot;}\">\n\t\t\t<div class=\"elementor-widget-wrap elementor-element-populated\">\n\t\t\t\t\t\t\t\t<div class=\"elementor-element elementor-element-5cdfa0b3 elementor-position-top elementor-vertical-align-top elementor-widget elementor-widget-image-box\" data-id=\"5cdfa0b3\" data-element_type=\"widget\" data-widget_type=\"image-box.default\">\n\t\t\t\t<div class=\"elementor-widget-container\">\n\t\t\t<div class=\"elementor-image-box-wrapper\"><figure class=\"elementor-image-box-img\"><a href=\"https:\/\/www.ernefittings.com\/en\/start\"><img decoding=\"async\" width=\"800\" height=\"400\" src=\"https:\/\/giant-en.com\/tr\/wp-content\/uploads\/sites\/2\/2023\/07\/ernefittings.png\" class=\"attachment-full size-full wp-image-1042\" alt=\"\" loading=\"lazy\" srcset=\"https:\/\/giant-en.com\/tr\/wp-content\/uploads\/sites\/2\/2023\/07\/ernefittings.png 800w, https:\/\/giant-en.com\/tr\/wp-content\/uploads\/sites\/2\/2023\/07\/ernefittings-300x150.png 300w, https:\/\/giant-en.com\/tr\/wp-content\/uploads\/sites\/2\/2023\/07\/ernefittings-768x384.png 768w\" sizes=\"(max-width: 800px) 100vw, 800px\" \/><\/a><\/figure><div class=\"elementor-image-box-content\"><h3 class=\"elementor-image-box-title\"><a href=\"https:\/\/www.ernefittings.com\/en\/start\">Erne Fittings<\/a><\/h3><\/div><\/div>\t\t<\/div>\n\t\t\t\t<\/div>\n\t\t\t\t\t<\/div>\n\t\t<\/div>\n\t\t\t\t<div class=\"elementor-column elementor-col-33 elementor-inner-column elementor-element elementor-element-406ad799\" data-id=\"406ad799\" data-element_type=\"column\" data-settings=\"{&quot;background_background&quot;:&quot;classic&quot;}\">\n\t\t\t<div class=\"elementor-widget-wrap elementor-element-populated\">\n\t\t\t\t\t\t\t\t<div class=\"elementor-element elementor-element-6e8e21b1 elementor-position-top elementor-vertical-align-top elementor-widget elementor-widget-image-box\" data-id=\"6e8e21b1\" data-element_type=\"widget\" data-widget_type=\"image-box.default\">\n\t\t\t\t<div class=\"elementor-widget-container\">\n\t\t\t<div class=\"elementor-image-box-wrapper\"><figure class=\"elementor-image-box-img\"><a href=\"https:\/\/www.jfe-steel.co.jp\/en\/\"><img decoding=\"async\" width=\"800\" height=\"400\" src=\"https:\/\/giant-en.com\/tr\/wp-content\/uploads\/sites\/2\/2023\/07\/2jfe2-0332.png\" class=\"attachment-full size-full wp-image-1040\" alt=\"\" loading=\"lazy\" srcset=\"https:\/\/giant-en.com\/tr\/wp-content\/uploads\/sites\/2\/2023\/07\/2jfe2-0332.png 800w, https:\/\/giant-en.com\/tr\/wp-content\/uploads\/sites\/2\/2023\/07\/2jfe2-0332-300x150.png 300w, https:\/\/giant-en.com\/tr\/wp-content\/uploads\/sites\/2\/2023\/07\/2jfe2-0332-768x384.png 768w\" sizes=\"(max-width: 800px) 100vw, 800px\" \/><\/a><\/figure><div class=\"elementor-image-box-content\"><h3 class=\"elementor-image-box-title\"><a href=\"https:\/\/www.jfe-steel.co.jp\/en\/\">JFE<\/a><\/h3><\/div><\/div>\t\t<\/div>\n\t\t\t\t<\/div>\n\t\t\t\t\t<\/div>\n\t\t<\/div>\n\t\t\t\t<div class=\"elementor-column elementor-col-33 elementor-inner-column elementor-element elementor-element-5c6a42ee\" data-id=\"5c6a42ee\" data-element_type=\"column\" data-settings=\"{&quot;background_background&quot;:&quot;classic&quot;}\">\n\t\t\t<div class=\"elementor-widget-wrap elementor-element-populated\">\n\t\t\t\t\t\t\t\t<div class=\"elementor-element elementor-element-25b9a153 elementor-position-top elementor-vertical-align-top elementor-widget elementor-widget-image-box\" data-id=\"25b9a153\" data-element_type=\"widget\" data-widget_type=\"image-box.default\">\n\t\t\t\t<div class=\"elementor-widget-container\">\n\t\t\t<div class=\"elementor-image-box-wrapper\"><figure class=\"elementor-image-box-img\"><a href=\"https:\/\/www.ccc.net\/%20\"><img decoding=\"async\" width=\"800\" height=\"400\" src=\"https:\/\/giant-en.com\/tr\/wp-content\/uploads\/sites\/2\/2023\/07\/ccc.png\" class=\"attachment-full size-full wp-image-1043\" alt=\"\" loading=\"lazy\" srcset=\"https:\/\/giant-en.com\/tr\/wp-content\/uploads\/sites\/2\/2023\/07\/ccc.png 800w, https:\/\/giant-en.com\/tr\/wp-content\/uploads\/sites\/2\/2023\/07\/ccc-300x150.png 300w, https:\/\/giant-en.com\/tr\/wp-content\/uploads\/sites\/2\/2023\/07\/ccc-768x384.png 768w\" sizes=\"(max-width: 800px) 100vw, 800px\" \/><\/a><\/figure><div class=\"elementor-image-box-content\"><h3 class=\"elementor-image-box-title\"><a href=\"https:\/\/www.ccc.net\/%20\">Consolidated contractors company<\/a><\/h3><\/div><\/div>\t\t<\/div>\n\t\t\t\t<\/div>\n\t\t\t\t\t<\/div>\n\t\t<\/div>\n\t\t\t\t\t\t\t<\/div>\n\t\t<\/section>\n\t\t\t\t\t<\/div>\n\t\t<\/div>\n\t\t\t\t\t\t\t<\/div>\n\t\t<\/section>\n\t\t\t\t\t\t\t<\/div>\n\t\t","protected":false},"excerpt":{"rendered":"<p>M\u00fc\u015fteriler Our Projects Inspiration for Your Next Project Low Rise Building Commercial Winter Maintenance Residential Solar Roof Commercial Solar Roof Residential Traditional Style Pattern Residential Modern Style Pattern Residential Bizi Se\u00e7iyorlar M\u00fc\u015fteriler Petrofac Yamata ArcelorMittal Erne Fittings JFE Consolidated contractors company<\/p>\n","protected":false},"author":1,"featured_media":0,"parent":0,"menu_order":0,"comment_status":"closed","ping_status":"closed","template":"","meta":{"site-sidebar-layout":"no-sidebar","site-content-layout":"page-builder","ast-global-header-display":"","ast-banner-title-visibility":"","ast-main-header-display":"","ast-hfb-above-header-display":"","ast-hfb-below-header-display":"","ast-hfb-mobile-header-display":"","site-post-title":"disabled","ast-breadcrumbs-content":"disabled","ast-featured-img":"disabled","footer-sml-layout":"","theme-transparent-header-meta":"enabled","adv-header-id-meta":"","stick-header-meta":"","header-above-stick-meta":"","header-main-stick-meta":"","header-below-stick-meta":""},"_links":{"self":[{"href":"https:\/\/giant-en.com\/tr\/wp-json\/wp\/v2\/pages\/15"}],"collection":[{"href":"https:\/\/giant-en.com\/tr\/wp-json\/wp\/v2\/pages"}],"about":[{"href":"https:\/\/giant-en.com\/tr\/wp-json\/wp\/v2\/types\/page"}],"author":[{"embeddable":true,"href":"https:\/\/giant-en.com\/tr\/wp-json\/wp\/v2\/users\/1"}],"replies":[{"embeddable":true,"href":"https:\/\/giant-en.com\/tr\/wp-json\/wp\/v2\/comments?post=15"}],"version-history":[{"count":8,"href":"https:\/\/giant-en.com\/tr\/wp-json\/wp\/v2\/pages\/15\/revisions"}],"predecessor-version":[{"id":1189,"href":"https:\/\/giant-en.com\/tr\/wp-json\/wp\/v2\/pages\/15\/revisions\/1189"}],"wp:attachment":[{"href":"https:\/\/giant-en.com\/tr\/wp-json\/wp\/v2\/media?parent=15"}],"curies":[{"name":"wp","href":"https:\/\/api.w.org\/{rel}","templated":true}]}}